{"id":53,"date":"2024-09-04T09:17:28","date_gmt":"2024-09-04T09:17:28","guid":{"rendered":"https:\/\/terradacica.ro\/beta\/?page_id=53"},"modified":"2024-09-05T13:43:06","modified_gmt":"2024-09-05T13:43:06","slug":"inscriere","status":"publish","type":"page","link":"https:\/\/terradacica.ro\/index.php\/inscriere\/","title":{"rendered":"Vino al\u0103turi de noi!"},"content":{"rendered":"\n<div class=\"wp-block-group alignfull has-accent-2-background-color has-background has-global-padding is-layout-constrained wp-container-core-group-is-layout-669513ed wp-block-group-is-layout-constrained\" style=\"margin-top:0;margin-bottom:0;padding-top:var(--wp--preset--spacing--50);padding-right:var(--wp--preset--spacing--50);padding-bottom:var(--wp--preset--spacing--50);padding-left:var(--wp--preset--spacing--50)\">\n<div class=\"wp-block-columns alignwide is-layout-flex wp-container-core-columns-is-layout-28f84493 wp-block-columns-is-layout-flex\">\n<div class=\"wp-block-column is-layout-flow wp-block-column-is-layout-flow\">\n<p class=\"has-text-align-left has-heading-font-family has-x-large-font-size\" style=\"font-style:normal;font-weight:400;line-height:1.2\">Inc\u0103 nu putem c\u0103l\u0103tori in timp dar, pasiunea de istorie ne permite sa retr\u0103im orice clip\u0103 trecut\u0103.<\/p>\n<\/div>\n<\/div>\n<\/div>\n\n\n\n<div class=\"wp-block-group alignfull has-base-background-color has-background has-global-padding is-layout-constrained wp-container-core-group-is-layout-d89aad35 wp-block-group-is-layout-constrained\" style=\"margin-top:0;margin-bottom:0;padding-top:var(--wp--preset--spacing--50);padding-right:var(--wp--preset--spacing--50);padding-bottom:var(--wp--preset--spacing--50);padding-left:var(--wp--preset--spacing--50)\">\n<div class=\"wp-block-columns alignwide is-layout-flex wp-container-core-columns-is-layout-549b0c86 wp-block-columns-is-layout-flex\">\n<div class=\"wp-block-column has-global-padding is-content-justification-left is-layout-constrained wp-container-core-column-is-layout-4f15e8fe wp-block-column-is-layout-constrained\" style=\"flex-basis:40%\">\n<figure class=\"wp-block-image alignfull size-full wp-duotone-varpresetduotoneduotone-5-1\"><img loading=\"lazy\" decoding=\"async\" width=\"875\" height=\"1023\" src=\"https:\/\/terradacica.ro\/wp-content\/uploads\/2024\/09\/miles_bg.png\" alt=\"\" class=\"wp-image-156\" srcset=\"https:\/\/terradacica.ro\/wp-content\/uploads\/2024\/09\/miles_bg.png 875w, https:\/\/terradacica.ro\/wp-content\/uploads\/2024\/09\/miles_bg-257x300.png 257w, https:\/\/terradacica.ro\/wp-content\/uploads\/2024\/09\/miles_bg-768x898.png 768w\" sizes=\"auto, (max-width: 875px) 100vw, 875px\" \/><\/figure>\n<\/div>\n\n\n\n<div class=\"wp-block-column is-layout-flow wp-container-core-column-is-layout-119bc444 wp-block-column-is-layout-flow\" style=\"flex-basis:60%\">\n<p class=\"has-heading-font-family has-x-large-font-size\" style=\"line-height:1.2\">Dac\u0103 vrei sa fii un legionar roman, un r\u0103zboinic dac sau un iscusit arca\u0219 sarmat, \u00eenscrie-te in Terra Dacica Aeterna!<\/p>\n\n\n\n<div class=\"wp-block-columns is-layout-flex wp-container-core-columns-is-layout-87beb0d0 wp-block-columns-is-layout-flex\">\n<div class=\"wp-block-column is-layout-flow wp-block-column-is-layout-flow\">\n<p class=\"wp-container-content-9cfa9a5a\">Fie c\u0103 participi \u00een luptele dintre daci, sarma\u021bi \u0219i romani, fie c\u0103 e\u0219ti parte a taberei civile \u0219i aju\u021bi \u00eentr-unul din numeroasele noastre ateliere, pasiunea pentru istorie \u0219i mai ales pentru reconstituirea istoric\u0103, ne une\u0219te \u0219i ne transform\u0103 \u00eentr-o mare familie, unde o s\u0103 te sim\u021bi ca acas\u0103.<\/p>\n<\/div>\n\n\n\n<div class=\"wp-block-column is-layout-flow wp-block-column-is-layout-flow\">\n<p>Suntem siguri c\u0103 i\u021bi vei gasi locul potrivit la noi \u0219i te vei putea bucura de aceste &#8220;c\u0103l\u0103torii in timp&#8221;. Lupte de gladiatori, ritualuri antice, dansuri \u0219i muzic\u0103 antic\u0103, multe me\u0219tesuguri, meticulos \u0219i atent recreate de dup\u0103 2000 de ani.<\/p>\n<\/div>\n<\/div>\n<\/div>\n<\/div>\n<\/div>\n\n\n\n<div class=\"wp-block-cover alignfull is-light has-parallax wp-duotone-duotone-1\" style=\"padding-top:var(--wp--preset--spacing--50);padding-right:var(--wp--preset--spacing--50);padding-bottom:var(--wp--preset--spacing--50);padding-left:var(--wp--preset--spacing--50);min-height:100vh;aspect-ratio:unset;\"><span aria-hidden=\"true\" class=\"wp-block-cover__background has-base-background-color has-background-dim-0 has-background-dim\"><\/span><div class=\"wp-block-cover__image-background wp-image-147 has-parallax\" style=\"background-position:50% 50%;background-image:url(https:\/\/terradacica.ro\/wp-content\/uploads\/2024\/09\/TabulaPeutingerianaDacia.jpg)\"><\/div><div class=\"wp-block-cover__inner-container has-global-padding is-layout-constrained wp-container-core-cover-is-layout-e4fd886c wp-block-cover-is-layout-constrained\">\n<figure class=\"wp-block-image size-large\"><img loading=\"lazy\" decoding=\"async\" width=\"1024\" height=\"1024\" src=\"https:\/\/terradacica.ro\/wp-content\/uploads\/2024\/08\/LogoTDA-cu-scris3-2048-x-300dpi-1024x1024.png\" alt=\"\" class=\"wp-image-12\" srcset=\"https:\/\/terradacica.ro\/wp-content\/uploads\/2024\/08\/LogoTDA-cu-scris3-2048-x-300dpi-1024x1024.png 1024w, https:\/\/terradacica.ro\/wp-content\/uploads\/2024\/08\/LogoTDA-cu-scris3-2048-x-300dpi-300x300.png 300w, https:\/\/terradacica.ro\/wp-content\/uploads\/2024\/08\/LogoTDA-cu-scris3-2048-x-300dpi-150x150.png 150w, https:\/\/terradacica.ro\/wp-content\/uploads\/2024\/08\/LogoTDA-cu-scris3-2048-x-300dpi-768x768.png 768w, https:\/\/terradacica.ro\/wp-content\/uploads\/2024\/08\/LogoTDA-cu-scris3-2048-x-300dpi-1536x1536.png 1536w, https:\/\/terradacica.ro\/wp-content\/uploads\/2024\/08\/LogoTDA-cu-scris3-2048-x-300dpi.png 2048w\" sizes=\"auto, (max-width: 1024px) 100vw, 1024px\" \/><\/figure>\n<\/div><\/div>\n\n\n\n<div class=\"wp-block-group alignfull has-base-2-background-color has-background has-global-padding is-layout-constrained wp-container-core-group-is-layout-7cd14b77 wp-block-group-is-layout-constrained\" style=\"margin-top:0;margin-bottom:0;padding-top:var(--wp--preset--spacing--60);padding-right:var(--wp--preset--spacing--60);padding-bottom:var(--wp--preset--spacing--60);padding-left:var(--wp--preset--spacing--60)\">\n<div class=\"wp-block-group alignwide is-layout-flow wp-block-group-is-layout-flow\">\n<p class=\"has-text-align-center has-heading-font-family has-x-large-font-size\" style=\"font-style:normal;font-weight:400;line-height:1.2\">\u00cen demersul nostru de a retr\u0103i istoria, punem suflet pentru a da suflet timpurilor de mult apuse. Ne dedic\u0103m cu pasiune pentru a veni in fa\u021ba publicului cu un tablou c\u00e2t mai veridic \u0219i natural al perioadei istorice ce o reconstituim.<\/p>\n<\/div>\n<\/div>\n\n\n\n<div class=\"wp-block-group alignfull has-base-2-color has-contrast-background-color has-text-color has-background has-link-color wp-elements-669be95e60345cda0b02775766c99f20 has-global-padding is-layout-constrained wp-container-core-group-is-layout-facafb6f wp-block-group-is-layout-constrained\" style=\"margin-top:0;margin-bottom:0;padding-top:var(--wp--preset--spacing--50);padding-right:var(--wp--preset--spacing--50);padding-bottom:var(--wp--preset--spacing--50);padding-left:var(--wp--preset--spacing--50)\">\n<div class=\"wp-block-columns alignwide is-layout-flex wp-container-core-columns-is-layout-d1c656ed wp-block-columns-is-layout-flex\">\n<div class=\"wp-block-column is-vertically-aligned-stretch is-layout-flow wp-block-column-is-layout-flow\" style=\"padding-right:0;flex-basis:60%\">\n<div class=\"wp-block-group is-vertical is-content-justification-stretch is-layout-flex wp-container-core-group-is-layout-ae24f51d wp-block-group-is-layout-flex\" style=\"min-height:100%\">\n<figure class=\"wp-block-image size-full is-resized is-style-rounded is-style-rounded--2\"><img loading=\"lazy\" decoding=\"async\" width=\"565\" height=\"800\" src=\"https:\/\/terradacica.ro\/wp-content\/uploads\/2024\/09\/recrutare-TDA.jpg\" alt=\"\" class=\"wp-image-144\" style=\"width:644px;height:auto\" srcset=\"https:\/\/terradacica.ro\/wp-content\/uploads\/2024\/09\/recrutare-TDA.jpg 565w, https:\/\/terradacica.ro\/wp-content\/uploads\/2024\/09\/recrutare-TDA-212x300.jpg 212w\" sizes=\"auto, (max-width: 565px) 100vw, 565px\" \/><\/figure>\n<\/div>\n<\/div>\n\n\n\n<div class=\"wp-block-column is-layout-flow wp-block-column-is-layout-flow\" style=\"flex-basis:40%\">\n<div class=\"wp-block-group has-global-padding is-layout-constrained wp-block-group-is-layout-constrained\">\n<div class=\"wp-block-group is-layout-flow wp-block-group-is-layout-flow\">\n<figure class=\"wp-block-image size-full is-resized is-style-rounded is-style-rounded--3\"><img loading=\"lazy\" decoding=\"async\" width=\"585\" height=\"913\" src=\"https:\/\/terradacica.ro\/wp-content\/uploads\/2024\/09\/barbari.jpg\" alt=\"\" class=\"wp-image-142\" style=\"aspect-ratio:0.5625;object-fit:cover;width:511px;height:auto\" srcset=\"https:\/\/terradacica.ro\/wp-content\/uploads\/2024\/09\/barbari.jpg 585w, https:\/\/terradacica.ro\/wp-content\/uploads\/2024\/09\/barbari-192x300.jpg 192w\" sizes=\"auto, (max-width: 585px) 100vw, 585px\" \/><\/figure>\n<\/div>\n<\/div>\n<\/div>\n<\/div>\n<\/div>\n","protected":false},"excerpt":{"rendered":"<p>Inc\u0103 nu putem c\u0103l\u0103tori in timp dar, pasiunea de istorie ne permite sa retr\u0103im orice clip\u0103 trecut\u0103. Dac\u0103 vrei sa fii un legionar roman, un r\u0103zboinic dac sau un iscusit [&hellip;]<\/p>\n","protected":false},"author":1,"featured_media":162,"parent":0,"menu_order":0,"comment_status":"closed","ping_status":"closed","template":"","meta":{"_EventAllDay":false,"_EventTimezone":"","_EventStartDate":"","_EventEndDate":"","_EventStartDateUTC":"","_EventEndDateUTC":"","_EventShowMap":false,"_EventShowMapLink":false,"_EventURL":"","_EventCost":"","_EventCostDescription":"","_EventCurrencySymbol":"","_EventCurrencyCode":"","_EventCurrencyPosition":"","_EventDateTimeSeparator":"","_EventTimeRangeSeparator":"","_EventOrganizerID":[],"_EventVenueID":[],"_OrganizerEmail":"","_OrganizerPhone":"","_OrganizerWebsite":"","_VenueAddress":"","_VenueCity":"","_VenueCountry":"","_VenueProvince":"","_VenueState":"","_VenueZip":"","_VenuePhone":"","_VenueURL":"","_VenueStateProvince":"","_VenueLat":"","_VenueLng":"","_VenueShowMap":false,"_VenueShowMapLink":false,"footnotes":""},"class_list":["post-53","page","type-page","status-publish","has-post-thumbnail","hentry"],"_links":{"self":[{"href":"https:\/\/terradacica.ro\/index.php\/wp-json\/wp\/v2\/pages\/53","targetHints":{"allow":["GET"]}}],"collection":[{"href":"https:\/\/terradacica.ro\/index.php\/wp-json\/wp\/v2\/pages"}],"about":[{"href":"https:\/\/terradacica.ro\/index.php\/wp-json\/wp\/v2\/types\/page"}],"author":[{"embeddable":true,"href":"https:\/\/terradacica.ro\/index.php\/wp-json\/wp\/v2\/users\/1"}],"replies":[{"embeddable":true,"href":"https:\/\/terradacica.ro\/index.php\/wp-json\/wp\/v2\/comments?post=53"}],"version-history":[{"count":18,"href":"https:\/\/terradacica.ro\/index.php\/wp-json\/wp\/v2\/pages\/53\/revisions"}],"predecessor-version":[{"id":216,"href":"https:\/\/terradacica.ro\/index.php\/wp-json\/wp\/v2\/pages\/53\/revisions\/216"}],"wp:featuredmedia":[{"embeddable":true,"href":"https:\/\/terradacica.ro\/index.php\/wp-json\/wp\/v2\/media\/162"}],"wp:attachment":[{"href":"https:\/\/terradacica.ro\/index.php\/wp-json\/wp\/v2\/media?parent=53"}],"curies":[{"name":"wp","href":"https:\/\/api.w.org\/{rel}","templated":true}]}}