{"id":190,"date":"2024-09-05T10:23:25","date_gmt":"2024-09-05T10:23:25","guid":{"rendered":"https:\/\/terradacica.ro\/?page_id=190"},"modified":"2024-09-05T15:06:10","modified_gmt":"2024-09-05T15:06:10","slug":"structura","status":"publish","type":"page","link":"https:\/\/terradacica.ro\/index.php\/structura\/","title":{"rendered":"Structura"},"content":{"rendered":"\n<div class=\"wp-block-group alignfull has-accent-5-background-color has-background has-global-padding is-layout-constrained wp-container-core-group-is-layout-d89aad35 wp-block-group-is-layout-constrained\" style=\"margin-top:0;margin-bottom:0;padding-top:var(--wp--preset--spacing--50);padding-right:var(--wp--preset--spacing--50);padding-bottom:var(--wp--preset--spacing--50);padding-left:var(--wp--preset--spacing--50)\">\n<div class=\"wp-block-columns alignwide is-layout-flex wp-container-core-columns-is-layout-1da03c2a wp-block-columns-is-layout-flex\">\n<div class=\"wp-block-column is-vertically-aligned-center is-layout-flow wp-block-column-is-layout-flow\" style=\"flex-basis:60%\">\n<figure class=\"wp-block-image size-full is-style-rounded wp-duotone-duotone-1 is-style-rounded--1\"><img decoding=\"async\" src=\"https:\/\/terradacica.ro\/wp-content\/themes\/twentytwentyfour\/assets\/images\/abstract-geometric-art.webp\" alt=\"White abstract geometric artwork from Dresden, Germany\" style=\"aspect-ratio:4\/3;object-fit:cover\"\/><\/figure>\n<\/div>\n\n\n\n<div class=\"wp-block-column is-layout-flow wp-block-column-is-layout-flow\" style=\"flex-basis:40%\">\n<h2 class=\"wp-block-heading\">Tab\u0103ra Dacic\u0103<\/h2>\n\n\n\n<p>Experience the fusion of imagination and expertise with \u00c9tudes\u2014the catalyst for architectural transformations that enrich the world around us.<\/p>\n\n\n\n<div class=\"wp-block-buttons is-layout-flex wp-block-buttons-is-layout-flex\">\n<div class=\"wp-block-button\"><a class=\"wp-block-button__link wp-element-button\" href=\"https:\/\/terradacica.ro\/index.php\/dacii\/\">Vezi mai mult<\/a><\/div>\n<\/div>\n<\/div>\n<\/div>\n<\/div>\n\n\n\n<div class=\"wp-block-group alignfull has-accent-5-background-color has-background has-global-padding is-layout-constrained wp-container-core-group-is-layout-d89aad35 wp-block-group-is-layout-constrained\" style=\"margin-top:0;margin-bottom:0;padding-top:var(--wp--preset--spacing--50);padding-right:var(--wp--preset--spacing--50);padding-bottom:var(--wp--preset--spacing--50);padding-left:var(--wp--preset--spacing--50)\">\n<div class=\"wp-block-columns alignwide is-layout-flex wp-container-core-columns-is-layout-1da03c2a wp-block-columns-is-layout-flex\">\n<div class=\"wp-block-column is-layout-flow wp-block-column-is-layout-flow\" style=\"flex-basis:40%\">\n<h2 class=\"wp-block-heading\">Tab\u0103ra Roman\u0103<\/h2>\n\n\n\n<p>Experience the fusion of imagination and expertise with \u00c9tudes\u2014the catalyst for architectural transformations that enrich the world around us.<\/p>\n\n\n\n<div class=\"wp-block-buttons is-layout-flex wp-block-buttons-is-layout-flex\">\n<div class=\"wp-block-button\"><a class=\"wp-block-button__link wp-element-button\" href=\"https:\/\/terradacica.ro\/index.php\/romanii\/\">Vezi mai mult<\/a><\/div>\n<\/div>\n<\/div>\n\n\n\n<div class=\"wp-block-column is-vertically-aligned-center is-layout-flow wp-block-column-is-layout-flow\" style=\"flex-basis:60%\">\n<figure class=\"wp-block-image size-full is-style-rounded wp-duotone-unset-3 is-style-rounded--2\"><img loading=\"lazy\" decoding=\"async\" width=\"2048\" height=\"1536\" src=\"https:\/\/terradacica.ro\/wp-content\/uploads\/2024\/08\/456444919_3799479420310216_4465297365016971910_n.jpg\" alt=\"\" class=\"wp-image-14\" style=\"aspect-ratio:4\/3;object-fit:cover\" srcset=\"https:\/\/terradacica.ro\/wp-content\/uploads\/2024\/08\/456444919_3799479420310216_4465297365016971910_n.jpg 2048w, https:\/\/terradacica.ro\/wp-content\/uploads\/2024\/08\/456444919_3799479420310216_4465297365016971910_n-300x225.jpg 300w, https:\/\/terradacica.ro\/wp-content\/uploads\/2024\/08\/456444919_3799479420310216_4465297365016971910_n-1024x768.jpg 1024w, https:\/\/terradacica.ro\/wp-content\/uploads\/2024\/08\/456444919_3799479420310216_4465297365016971910_n-768x576.jpg 768w, https:\/\/terradacica.ro\/wp-content\/uploads\/2024\/08\/456444919_3799479420310216_4465297365016971910_n-1536x1152.jpg 1536w\" sizes=\"auto, (max-width: 2048px) 100vw, 2048px\" \/><\/figure>\n<\/div>\n<\/div>\n<\/div>\n\n\n\n<div class=\"wp-block-group alignfull has-accent-5-background-color has-background has-global-padding is-layout-constrained wp-container-core-group-is-layout-d89aad35 wp-block-group-is-layout-constrained\" style=\"margin-top:0;margin-bottom:0;padding-top:var(--wp--preset--spacing--50);padding-right:var(--wp--preset--spacing--50);padding-bottom:var(--wp--preset--spacing--50);padding-left:var(--wp--preset--spacing--50)\">\n<div class=\"wp-block-columns alignwide is-layout-flex wp-container-core-columns-is-layout-1da03c2a wp-block-columns-is-layout-flex\">\n<div class=\"wp-block-column is-vertically-aligned-center is-layout-flow wp-block-column-is-layout-flow\" style=\"flex-basis:60%\">\n<figure class=\"wp-block-image size-full is-style-rounded wp-duotone-unset-5 is-style-rounded--4\"><img loading=\"lazy\" decoding=\"async\" width=\"1170\" height=\"780\" src=\"https:\/\/terradacica.ro\/wp-content\/uploads\/2024\/09\/Image-1.jpg\" alt=\"\" class=\"wp-image-200\" style=\"aspect-ratio:4\/3;object-fit:cover\" srcset=\"https:\/\/terradacica.ro\/wp-content\/uploads\/2024\/09\/Image-1.jpg 1170w, https:\/\/terradacica.ro\/wp-content\/uploads\/2024\/09\/Image-1-300x200.jpg 300w, https:\/\/terradacica.ro\/wp-content\/uploads\/2024\/09\/Image-1-1024x683.jpg 1024w, https:\/\/terradacica.ro\/wp-content\/uploads\/2024\/09\/Image-1-768x512.jpg 768w\" sizes=\"auto, (max-width: 1170px) 100vw, 1170px\" \/><\/figure>\n<\/div>\n\n\n\n<div class=\"wp-block-column is-layout-flow wp-block-column-is-layout-flow\" style=\"flex-basis:40%\">\n<h2 class=\"wp-block-heading\">Tab\u0103ra Sarmat\u0103<\/h2>\n\n\n\n<p>Experience the fusion of imagination and expertise with \u00c9tudes\u2014the catalyst for architectural transformations that enrich the world around us.<\/p>\n\n\n\n<div class=\"wp-block-buttons is-layout-flex wp-block-buttons-is-layout-flex\">\n<div class=\"wp-block-button\"><a class=\"wp-block-button__link wp-element-button\" href=\"https:\/\/terradacica.ro\/index.php\/sarmatii\/\">Vezi mai mult<\/a><\/div>\n<\/div>\n<\/div>\n<\/div>\n<\/div>\n\n\n\n<div class=\"wp-block-group alignfull has-accent-5-background-color has-background has-global-padding is-layout-constrained wp-container-core-group-is-layout-d89aad35 wp-block-group-is-layout-constrained\" style=\"margin-top:0;margin-bottom:0;padding-top:var(--wp--preset--spacing--50);padding-right:var(--wp--preset--spacing--50);padding-bottom:var(--wp--preset--spacing--50);padding-left:var(--wp--preset--spacing--50)\">\n<div class=\"wp-block-columns alignwide is-layout-flex wp-container-core-columns-is-layout-1da03c2a wp-block-columns-is-layout-flex\">\n<div class=\"wp-block-column is-layout-flow wp-block-column-is-layout-flow\" style=\"flex-basis:40%\">\n<h2 class=\"wp-block-heading\">\u0218coala de Gladiatori &#8220;Ludus Ursus Nigrus&#8221;<\/h2>\n\n\n\n<p>Experience the fusion of imagination and expertise with \u00c9tudes\u2014the catalyst for architectural transformations that enrich the world around us.<\/p>\n\n\n\n<div class=\"wp-block-buttons is-layout-flex wp-block-buttons-is-layout-flex\">\n<div class=\"wp-block-button\"><a class=\"wp-block-button__link wp-element-button\" href=\"https:\/\/terradacica.ro\/index.php\/romanii\/\">Vezi mai mult<\/a><\/div>\n<\/div>\n<\/div>\n\n\n\n<div class=\"wp-block-column is-vertically-aligned-center is-layout-flow wp-block-column-is-layout-flow\" style=\"flex-basis:60%\">\n<figure class=\"wp-block-image size-full is-style-rounded wp-duotone-unset-7 is-style-rounded--6\"><img loading=\"lazy\" decoding=\"async\" width=\"2048\" height=\"1536\" src=\"https:\/\/terradacica.ro\/wp-content\/uploads\/2024\/08\/456444919_3799479420310216_4465297365016971910_n.jpg\" alt=\"\" class=\"wp-image-14\" style=\"aspect-ratio:4\/3;object-fit:cover\" srcset=\"https:\/\/terradacica.ro\/wp-content\/uploads\/2024\/08\/456444919_3799479420310216_4465297365016971910_n.jpg 2048w, https:\/\/terradacica.ro\/wp-content\/uploads\/2024\/08\/456444919_3799479420310216_4465297365016971910_n-300x225.jpg 300w, https:\/\/terradacica.ro\/wp-content\/uploads\/2024\/08\/456444919_3799479420310216_4465297365016971910_n-1024x768.jpg 1024w, https:\/\/terradacica.ro\/wp-content\/uploads\/2024\/08\/456444919_3799479420310216_4465297365016971910_n-768x576.jpg 768w, https:\/\/terradacica.ro\/wp-content\/uploads\/2024\/08\/456444919_3799479420310216_4465297365016971910_n-1536x1152.jpg 1536w\" sizes=\"auto, (max-width: 2048px) 100vw, 2048px\" \/><\/figure>\n<\/div>\n<\/div>\n<\/div>\n","protected":false},"excerpt":{"rendered":"<p>Tab\u0103ra Dacic\u0103 Experience the fusion of imagination and expertise with \u00c9tudes\u2014the catalyst for architectural transformations that enrich the world around us. Tab\u0103ra Roman\u0103 Experience the fusion of imagination and expertise [&hellip;]<\/p>\n","protected":false},"author":4,"featured_media":0,"parent":0,"menu_order":0,"comment_status":"closed","ping_status":"closed","template":"","meta":{"_EventAllDay":false,"_EventTimezone":"","_EventStartDate":"","_EventEndDate":"","_EventStartDateUTC":"","_EventEndDateUTC":"","_EventShowMap":false,"_EventShowMapLink":false,"_EventURL":"","_EventCost":"","_EventCostDescription":"","_EventCurrencySymbol":"","_EventCurrencyCode":"","_EventCurrencyPosition":"","_EventDateTimeSeparator":"","_EventTimeRangeSeparator":"","_EventOrganizerID":[],"_EventVenueID":[],"_OrganizerEmail":"","_OrganizerPhone":"","_OrganizerWebsite":"","_VenueAddress":"","_VenueCity":"","_VenueCountry":"","_VenueProvince":"","_VenueState":"","_VenueZip":"","_VenuePhone":"","_VenueURL":"","_VenueStateProvince":"","_VenueLat":"","_VenueLng":"","_VenueShowMap":false,"_VenueShowMapLink":false,"footnotes":""},"class_list":["post-190","page","type-page","status-publish","hentry"],"_links":{"self":[{"href":"https:\/\/terradacica.ro\/index.php\/wp-json\/wp\/v2\/pages\/190","targetHints":{"allow":["GET"]}}],"collection":[{"href":"https:\/\/terradacica.ro\/index.php\/wp-json\/wp\/v2\/pages"}],"about":[{"href":"https:\/\/terradacica.ro\/index.php\/wp-json\/wp\/v2\/types\/page"}],"author":[{"embeddable":true,"href":"https:\/\/terradacica.ro\/index.php\/wp-json\/wp\/v2\/users\/4"}],"replies":[{"embeddable":true,"href":"https:\/\/terradacica.ro\/index.php\/wp-json\/wp\/v2\/comments?post=190"}],"version-history":[{"count":10,"href":"https:\/\/terradacica.ro\/index.php\/wp-json\/wp\/v2\/pages\/190\/revisions"}],"predecessor-version":[{"id":220,"href":"https:\/\/terradacica.ro\/index.php\/wp-json\/wp\/v2\/pages\/190\/revisions\/220"}],"wp:attachment":[{"href":"https:\/\/terradacica.ro\/index.php\/wp-json\/wp\/v2\/media?parent=190"}],"curies":[{"name":"wp","href":"https:\/\/api.w.org\/{rel}","templated":true}]}}